

{"id":678,"date":"2022-07-31T16:22:01","date_gmt":"2022-07-31T19:22:01","guid":{"rendered":"https:\/\/museu.appoa.org.br\/site\/?page_id=678"},"modified":"2022-07-31T16:22:01","modified_gmt":"2022-07-31T19:22:01","slug":"exposicao-quando-um-livro-se-torna-album-de-familia-tempo-1","status":"publish","type":"page","link":"https:\/\/museu.appoa.org.br\/site\/exposicao-quando-um-livro-se-torna-album-de-familia-tempo-1\/","title":{"rendered":"Exposi\u00e7\u00e3o Quando um livro se torna \u00e1lbum de fam\u00edlia &#8211; Tempo 1"},"content":{"rendered":"","protected":false},"excerpt":{"rendered":"","protected":false},"author":1,"featured_media":0,"parent":0,"menu_order":0,"comment_status":"closed","ping_status":"closed","template":"exposicao-album-de-familia-parte-1.php","meta":[],"_links":{"self":[{"href":"https:\/\/museu.appoa.org.br\/site\/wp-json\/wp\/v2\/pages\/678"}],"collection":[{"href":"https:\/\/museu.appoa.org.br\/site\/wp-json\/wp\/v2\/pages"}],"about":[{"href":"https:\/\/museu.appoa.org.br\/site\/wp-json\/wp\/v2\/types\/page"}],"author":[{"embeddable":true,"href":"https:\/\/museu.appoa.org.br\/site\/wp-json\/wp\/v2\/users\/1"}],"replies":[{"embeddable":true,"href":"https:\/\/museu.appoa.org.br\/site\/wp-json\/wp\/v2\/comments?post=678"}],"version-history":[{"count":1,"href":"https:\/\/museu.appoa.org.br\/site\/wp-json\/wp\/v2\/pages\/678\/revisions"}],"predecessor-version":[{"id":679,"href":"https:\/\/museu.appoa.org.br\/site\/wp-json\/wp\/v2\/pages\/678\/revisions\/679"}],"wp:attachment":[{"href":"https:\/\/museu.appoa.org.br\/site\/wp-json\/wp\/v2\/media?parent=678"}],"curies":[{"name":"wp","href":"https:\/\/api.w.org\/{rel}","templated":true}]}}