

{"id":676,"date":"2022-07-31T16:21:39","date_gmt":"2022-07-31T19:21:39","guid":{"rendered":"https:\/\/museu.appoa.org.br\/site\/?page_id=676"},"modified":"2022-07-31T16:21:39","modified_gmt":"2022-07-31T19:21:39","slug":"exposicao-quando-um-livro-se-torna-album-de-familia","status":"publish","type":"page","link":"https:\/\/museu.appoa.org.br\/site\/exposicao-quando-um-livro-se-torna-album-de-familia\/","title":{"rendered":"Exposi\u00e7\u00e3o Quando um livro se torna \u00e1lbum de fam\u00edlia"},"content":{"rendered":"","protected":false},"excerpt":{"rendered":"","protected":false},"author":1,"featured_media":0,"parent":0,"menu_order":0,"comment_status":"closed","ping_status":"closed","template":"exposicao-album-de-familia.php","meta":[],"_links":{"self":[{"href":"https:\/\/museu.appoa.org.br\/site\/wp-json\/wp\/v2\/pages\/676"}],"collection":[{"href":"https:\/\/museu.appoa.org.br\/site\/wp-json\/wp\/v2\/pages"}],"about":[{"href":"https:\/\/museu.appoa.org.br\/site\/wp-json\/wp\/v2\/types\/page"}],"author":[{"embeddable":true,"href":"https:\/\/museu.appoa.org.br\/site\/wp-json\/wp\/v2\/users\/1"}],"replies":[{"embeddable":true,"href":"https:\/\/museu.appoa.org.br\/site\/wp-json\/wp\/v2\/comments?post=676"}],"version-history":[{"count":1,"href":"https:\/\/museu.appoa.org.br\/site\/wp-json\/wp\/v2\/pages\/676\/revisions"}],"predecessor-version":[{"id":677,"href":"https:\/\/museu.appoa.org.br\/site\/wp-json\/wp\/v2\/pages\/676\/revisions\/677"}],"wp:attachment":[{"href":"https:\/\/museu.appoa.org.br\/site\/wp-json\/wp\/v2\/media?parent=676"}],"curies":[{"name":"wp","href":"https:\/\/api.w.org\/{rel}","templated":true}]}}