

{"id":583,"date":"2022-03-31T23:48:48","date_gmt":"2022-04-01T02:48:48","guid":{"rendered":"https:\/\/museu.appoa.org.br\/site\/?page_id=583"},"modified":"2022-03-31T23:48:48","modified_gmt":"2022-04-01T02:48:48","slug":"vila-chocolatao-parte-4","status":"publish","type":"page","link":"https:\/\/museu.appoa.org.br\/site\/vila-chocolatao-parte-4\/","title":{"rendered":"Exposi\u00e7\u00e3o Vila Chocolat\u00e3o &#8211; Parte 4"},"content":{"rendered":"","protected":false},"excerpt":{"rendered":"","protected":false},"author":1,"featured_media":0,"parent":0,"menu_order":0,"comment_status":"closed","ping_status":"closed","template":"exposicao-vila-chocolatao-parte-4.php","meta":[],"_links":{"self":[{"href":"https:\/\/museu.appoa.org.br\/site\/wp-json\/wp\/v2\/pages\/583"}],"collection":[{"href":"https:\/\/museu.appoa.org.br\/site\/wp-json\/wp\/v2\/pages"}],"about":[{"href":"https:\/\/museu.appoa.org.br\/site\/wp-json\/wp\/v2\/types\/page"}],"author":[{"embeddable":true,"href":"https:\/\/museu.appoa.org.br\/site\/wp-json\/wp\/v2\/users\/1"}],"replies":[{"embeddable":true,"href":"https:\/\/museu.appoa.org.br\/site\/wp-json\/wp\/v2\/comments?post=583"}],"version-history":[{"count":1,"href":"https:\/\/museu.appoa.org.br\/site\/wp-json\/wp\/v2\/pages\/583\/revisions"}],"predecessor-version":[{"id":584,"href":"https:\/\/museu.appoa.org.br\/site\/wp-json\/wp\/v2\/pages\/583\/revisions\/584"}],"wp:attachment":[{"href":"https:\/\/museu.appoa.org.br\/site\/wp-json\/wp\/v2\/media?parent=583"}],"curies":[{"name":"wp","href":"https:\/\/api.w.org\/{rel}","templated":true}]}}