

{"id":579,"date":"2022-03-31T23:48:00","date_gmt":"2022-04-01T02:48:00","guid":{"rendered":"https:\/\/museu.appoa.org.br\/site\/?page_id=579"},"modified":"2022-03-31T23:48:10","modified_gmt":"2022-04-01T02:48:10","slug":"vila-chocolatao-parte-2","status":"publish","type":"page","link":"https:\/\/museu.appoa.org.br\/site\/vila-chocolatao-parte-2\/","title":{"rendered":"Exposi\u00e7\u00e3o Vila Chocolat\u00e3o &#8211; Parte 2"},"content":{"rendered":"","protected":false},"excerpt":{"rendered":"","protected":false},"author":1,"featured_media":0,"parent":0,"menu_order":0,"comment_status":"closed","ping_status":"closed","template":"exposicao-vila-chocolatao-parte-2.php","meta":[],"_links":{"self":[{"href":"https:\/\/museu.appoa.org.br\/site\/wp-json\/wp\/v2\/pages\/579"}],"collection":[{"href":"https:\/\/museu.appoa.org.br\/site\/wp-json\/wp\/v2\/pages"}],"about":[{"href":"https:\/\/museu.appoa.org.br\/site\/wp-json\/wp\/v2\/types\/page"}],"author":[{"embeddable":true,"href":"https:\/\/museu.appoa.org.br\/site\/wp-json\/wp\/v2\/users\/1"}],"replies":[{"embeddable":true,"href":"https:\/\/museu.appoa.org.br\/site\/wp-json\/wp\/v2\/comments?post=579"}],"version-history":[{"count":1,"href":"https:\/\/museu.appoa.org.br\/site\/wp-json\/wp\/v2\/pages\/579\/revisions"}],"predecessor-version":[{"id":580,"href":"https:\/\/museu.appoa.org.br\/site\/wp-json\/wp\/v2\/pages\/579\/revisions\/580"}],"wp:attachment":[{"href":"https:\/\/museu.appoa.org.br\/site\/wp-json\/wp\/v2\/media?parent=579"}],"curies":[{"name":"wp","href":"https:\/\/api.w.org\/{rel}","templated":true}]}}