

{"id":1205,"date":"2024-11-26T23:00:26","date_gmt":"2024-11-27T02:00:26","guid":{"rendered":"https:\/\/museu.appoa.org.br\/site\/?page_id=1205"},"modified":"2024-11-26T23:12:10","modified_gmt":"2024-11-27T02:12:10","slug":"exposicao-epigramas-ilha-do-presidio","status":"publish","type":"page","link":"https:\/\/museu.appoa.org.br\/site\/exposicao-epigramas-ilha-do-presidio\/","title":{"rendered":"Exposi\u00e7\u00e3o dos esqueletos no guarda-roupa aos epigramas &#8211; Parte 4 (A Ilha do Pres\u00eddio)"},"content":{"rendered":"","protected":false},"excerpt":{"rendered":"","protected":false},"author":14,"featured_media":0,"parent":0,"menu_order":0,"comment_status":"closed","ping_status":"closed","template":"exposicao-epigramas-parte-4.php","meta":[],"_links":{"self":[{"href":"https:\/\/museu.appoa.org.br\/site\/wp-json\/wp\/v2\/pages\/1205"}],"collection":[{"href":"https:\/\/museu.appoa.org.br\/site\/wp-json\/wp\/v2\/pages"}],"about":[{"href":"https:\/\/museu.appoa.org.br\/site\/wp-json\/wp\/v2\/types\/page"}],"author":[{"embeddable":true,"href":"https:\/\/museu.appoa.org.br\/site\/wp-json\/wp\/v2\/users\/14"}],"replies":[{"embeddable":true,"href":"https:\/\/museu.appoa.org.br\/site\/wp-json\/wp\/v2\/comments?post=1205"}],"version-history":[{"count":2,"href":"https:\/\/museu.appoa.org.br\/site\/wp-json\/wp\/v2\/pages\/1205\/revisions"}],"predecessor-version":[{"id":1207,"href":"https:\/\/museu.appoa.org.br\/site\/wp-json\/wp\/v2\/pages\/1205\/revisions\/1207"}],"wp:attachment":[{"href":"https:\/\/museu.appoa.org.br\/site\/wp-json\/wp\/v2\/media?parent=1205"}],"curies":[{"name":"wp","href":"https:\/\/api.w.org\/{rel}","templated":true}]}}